{"id":1211,"date":"2022-08-13T09:45:53","date_gmt":"2022-08-13T09:45:53","guid":{"rendered":"http:\/\/www.cosanildun.com\/?page_id=1211"},"modified":"2022-08-13T09:51:48","modified_gmt":"2022-08-13T09:51:48","slug":"hakkimizda","status":"publish","type":"page","link":"http:\/\/www.cosanildun.com\/index.php\/hakkimizda\/","title":{"rendered":"Hakk\u0131m\u0131zda"},"content":{"rendered":"\t\t<div data-elementor-type=\"wp-page\" data-elementor-id=\"1211\" class=\"elementor elementor-1211\">\n\t\t\t\t\t\t\t\t\t<section class=\"elementor-section elementor-top-section elementor-element elementor-element-b46c4f7 elementor-section-boxed elementor-section-height-default elementor-section-height-default row-top\" data-id=\"b46c4f7\" data-element_type=\"section\">\n\t\t\t\t\t\t<div class=\"elementor-container elementor-column-gap-default\">\n\t\t\t\t\t<div class=\"elementor-column elementor-col-50 elementor-top-column elementor-element elementor-element-b1300e5\" data-id=\"b1300e5\" data-element_type=\"column\">\n\t\t\t<div class=\"elementor-widget-wrap\">\n\t\t\t\t\t\t\t\t\t<\/div>\n\t\t<\/div>\n\t\t\t\t<div class=\"elementor-column elementor-col-50 elementor-top-column elementor-element elementor-element-7bcdf5e\" data-id=\"7bcdf5e\" data-element_type=\"column\">\n\t\t\t<div class=\"elementor-widget-wrap elementor-element-populated\">\n\t\t\t\t\t\t\t\t<div class=\"elementor-element elementor-element-33f5121 elementor-widget elementor-widget-text-editor\" data-id=\"33f5121\" data-element_type=\"widget\" data-widget_type=\"text-editor.default\">\n\t\t\t\t<div class=\"elementor-widget-container\">\n\t\t\t<style>\/*! elementor - v3.11.0 - 13-02-2023 *\/\n.elementor-widget-text-editor.elementor-drop-cap-view-stacked .elementor-drop-cap{background-color:#818a91;color:#fff}.elementor-widget-text-editor.elementor-drop-cap-view-framed .elementor-drop-cap{color:#818a91;border:3px solid;background-color:transparent}.elementor-widget-text-editor:not(.elementor-drop-cap-view-default) .elementor-drop-cap{margin-top:8px}.elementor-widget-text-editor:not(.elementor-drop-cap-view-default) .elementor-drop-cap-letter{width:1em;height:1em}.elementor-widget-text-editor .elementor-drop-cap{float:left;text-align:center;line-height:1;font-size:50px}.elementor-widget-text-editor .elementor-drop-cap-letter{display:inline-block}<\/style>\t\t\t\t<p>1997 y\u0131l\u0131nda ta\u015f\u0131mac\u0131l\u0131k hizmetleri ile faaliyete ba\u015flayan firmam\u0131z 2014 y\u0131l\u0131nda A grubu seyahat i\u015fletme belgesini alarak CO\u015eAN \u0130LDUN TUR\u0130ZM ACENTASI unvan\u0131 ile faaliyete ge\u00e7mi\u015ftir.<\/p>\t\t\t\t\t\t<\/div>\n\t\t\t\t<\/div>\n\t\t\t\t\t<\/div>\n\t\t<\/div>\n\t\t\t\t\t\t\t<\/div>\n\t\t<\/section>\n\t\t\t\t<section class=\"elementor-section elementor-top-section elementor-element elementor-element-8dff6a1 elementor-section-boxed elementor-section-height-default elementor-section-height-default row-top\" data-id=\"8dff6a1\" data-element_type=\"section\">\n\t\t\t\t\t\t<div class=\"elementor-container elementor-column-gap-default\">\n\t\t\t\t\t<div class=\"elementor-column elementor-col-50 elementor-top-column elementor-element elementor-element-1389435\" data-id=\"1389435\" data-element_type=\"column\">\n\t\t\t<div class=\"elementor-widget-wrap elementor-element-populated\">\n\t\t\t\t\t\t\t\t<div class=\"elementor-element elementor-element-e4e818d elementor-widget elementor-widget-text-editor\" data-id=\"e4e818d\" data-element_type=\"widget\" data-widget_type=\"text-editor.default\">\n\t\t\t\t<div class=\"elementor-widget-container\">\n\t\t\t\t\t\t\t<p><strong>M\u0130SYONUMUZ VE V\u0130ZYONUMUZ <\/strong><\/p><p>M\u00fc\u015fterilerimize profesyonel ekimizle kaliteli ve g\u00fcvenilir hizmet sunabilmek.<\/p><p>Deneyimlerimiz ve bilgilerimiz sayesinde hizmet kalitesini en \u00fcst seviyeye ta\u015f\u0131mak.<\/p>\t\t\t\t\t\t<\/div>\n\t\t\t\t<\/div>\n\t\t\t\t\t<\/div>\n\t\t<\/div>\n\t\t\t\t<div class=\"elementor-column elementor-col-50 elementor-top-column elementor-element elementor-element-7cdd62c\" data-id=\"7cdd62c\" data-element_type=\"column\">\n\t\t\t<div class=\"elementor-widget-wrap\">\n\t\t\t\t\t\t\t\t\t<\/div>\n\t\t<\/div>\n\t\t\t\t\t\t\t<\/div>\n\t\t<\/section>\n\t\t\t\t\t\t\t<\/div>\n\t\t","protected":false},"excerpt":{"rendered":"<p>1997 y\u0131l\u0131nda ta\u015f\u0131mac\u0131l\u0131k hizmetleri ile faaliyete ba\u015flayan firmam\u0131z 2014 y\u0131l\u0131nda A grubu seyahat i\u015fletme belgesini alarak CO\u015eAN \u0130LDUN TUR\u0130ZM ACENTASI unvan\u0131 ile faaliyete ge\u00e7mi\u015ftir. M\u0130SYONUMUZ VE V\u0130ZYONUMUZ M\u00fc\u015fterilerimize profesyonel ekimizle [&hellip;]<\/p>\n","protected":false},"author":1,"featured_media":0,"parent":0,"menu_order":0,"comment_status":"closed","ping_status":"closed","template":"","meta":[],"_links":{"self":[{"href":"http:\/\/www.cosanildun.com\/index.php\/wp-json\/wp\/v2\/pages\/1211"}],"collection":[{"href":"http:\/\/www.cosanildun.com\/index.php\/wp-json\/wp\/v2\/pages"}],"about":[{"href":"http:\/\/www.cosanildun.com\/index.php\/wp-json\/wp\/v2\/types\/page"}],"author":[{"embeddable":true,"href":"http:\/\/www.cosanildun.com\/index.php\/wp-json\/wp\/v2\/users\/1"}],"replies":[{"embeddable":true,"href":"http:\/\/www.cosanildun.com\/index.php\/wp-json\/wp\/v2\/comments?post=1211"}],"version-history":[{"count":7,"href":"http:\/\/www.cosanildun.com\/index.php\/wp-json\/wp\/v2\/pages\/1211\/revisions"}],"predecessor-version":[{"id":1218,"href":"http:\/\/www.cosanildun.com\/index.php\/wp-json\/wp\/v2\/pages\/1211\/revisions\/1218"}],"wp:attachment":[{"href":"http:\/\/www.cosanildun.com\/index.php\/wp-json\/wp\/v2\/media?parent=1211"}],"curies":[{"name":"wp","href":"https:\/\/api.w.org\/{rel}","templated":true}]}}